{"id":47,"date":"2026-04-03T07:18:41","date_gmt":"2026-04-03T07:18:41","guid":{"rendered":"https:\/\/gbpgroupe.com\/index.php\/services\/"},"modified":"2026-04-16T07:08:50","modified_gmt":"2026-04-16T07:08:50","slug":"services","status":"publish","type":"page","link":"https:\/\/gbpgroupe.com\/index.php\/services\/","title":{"rendered":"Nos Services"},"content":{"rendered":"\n<p><\/p>\n\n\n\n<p><\/p>\n\n\n\n<p class=\"has-text-align-center has-large-font-size\" style=\"padding-top:0;padding-right:var(--wp--preset--spacing--80);padding-bottom:0;padding-left:var(--wp--preset--spacing--80)\">D\u00e9couvrez l\u2019ensemble de nos services, con\u00e7us pour r\u00e9pondre \u00e0 vos besoins en r\u00e9novation et en am\u00e9lioration de l\u2019habitat. Nous mettons notre savoir-faire \u00e0 votre disposition pour vous garantir des prestations fiables et de qualit\u00e9.<\/p>\n\n\n\n<p><\/p>\n\n\n\n<hr class=\"wp-block-separator has-alpha-channel-opacity is-style-dots\"\/>\n\n\n\n\n\n<div class=\"wp-block-media-text is-stacked-on-mobile is-image-fill-element\" style=\"border-style:none;border-width:0px;border-top-left-radius:0px;border-top-right-radius:0px;border-bottom-left-radius:0px;border-bottom-right-radius:0px;margin-top:0;margin-right:0;margin-bottom:0;margin-left:0;padding-top:0;padding-bottom:0;grid-template-columns:27% auto\"><figure class=\"wp-block-media-text__media\"><img loading=\"lazy\" decoding=\"async\" width=\"854\" height=\"868\" src=\"https:\/\/gbpgroupe.com\/wp-content\/uploads\/2026\/04\/Capture-decran-2026-04-03-a-10.01.57.png\" alt=\"\" class=\"wp-image-78 size-full\" style=\"object-position:50% 50%\" srcset=\"https:\/\/gbpgroupe.com\/wp-content\/uploads\/2026\/04\/Capture-decran-2026-04-03-a-10.01.57.png 854w, https:\/\/gbpgroupe.com\/wp-content\/uploads\/2026\/04\/Capture-decran-2026-04-03-a-10.01.57-295x300.png 295w, https:\/\/gbpgroupe.com\/wp-content\/uploads\/2026\/04\/Capture-decran-2026-04-03-a-10.01.57-768x781.png 768w\" sizes=\"(max-width: 854px) 100vw, 854px\" \/><\/figure><div class=\"wp-block-media-text__content\">\n<p class=\"has-large-font-size\" style=\"padding-top:0;padding-bottom:0\"><strong>PEINTURE<\/strong> <\/p>\n\n\n\n<p class=\"has-medium-font-size\" style=\"padding-top:0;padding-bottom:0\">Notre \u00e9quipe de peintres professionnels s&rsquo;engage \u00e0 offrir une finition parfaite pour chaque projet. Gr\u00e2ce \u00e0 notre expertise, nous garantissons une qualit\u00e9 esth\u00e9tique in\u00e9gal\u00e9e, tout en respectant votre budget. Le d\u00e9tail et la pr\u00e9cision sontau c\u0153ur de notre d\u00e9marche<\/p>\n<\/div><\/div>\n\n\n\n<div class=\"wp-block-media-text has-media-on-the-right is-stacked-on-mobile\" style=\"border-top-left-radius:0px;border-top-right-radius:0px;border-bottom-left-radius:0px;border-bottom-right-radius:0px;grid-template-columns:auto 27%\"><div class=\"wp-block-media-text__content\">\n<p class=\"has-large-font-size\"><strong>REFECTION<\/strong><\/p>\n\n\n\n<p class=\"has-medium-font-size\">Nous r\u00e9alisons des travaux de r\u00e9fection visant \u00e0 moderniser, s\u00e9curiser et valoriser vos b\u00e2timents existants. Gr\u00e2ce \u00e0 notre expertise, nous intervenons sur l\u2019ensemble des \u00e9l\u00e9ments structurels et esth\u00e9tiques afin d\u2019assurer durabilit\u00e9 et performance. Chaque projet est conduit avec rigueur et pr\u00e9cision, dans le respect des d\u00e9lais et des exigences de qualit\u00e9.<\/p>\n<\/div><figure class=\"wp-block-media-text__media\"><img loading=\"lazy\" decoding=\"async\" width=\"683\" height=\"1024\" src=\"https:\/\/gbpgroupe.com\/wp-content\/uploads\/2026\/04\/pexels-shkrabaanthony-5493669-1-683x1024.jpg\" alt=\"\" class=\"wp-image-71 size-full\" srcset=\"https:\/\/gbpgroupe.com\/wp-content\/uploads\/2026\/04\/pexels-shkrabaanthony-5493669-1-683x1024.jpg 683w, https:\/\/gbpgroupe.com\/wp-content\/uploads\/2026\/04\/pexels-shkrabaanthony-5493669-1-200x300.jpg 200w, https:\/\/gbpgroupe.com\/wp-content\/uploads\/2026\/04\/pexels-shkrabaanthony-5493669-1-768x1152.jpg 768w, https:\/\/gbpgroupe.com\/wp-content\/uploads\/2026\/04\/pexels-shkrabaanthony-5493669-1-1024x1536.jpg 1024w, https:\/\/gbpgroupe.com\/wp-content\/uploads\/2026\/04\/pexels-shkrabaanthony-5493669-1-1365x2048.jpg 1365w, https:\/\/gbpgroupe.com\/wp-content\/uploads\/2026\/04\/pexels-shkrabaanthony-5493669-1-720x1080.jpg 720w, https:\/\/gbpgroupe.com\/wp-content\/uploads\/2026\/04\/pexels-shkrabaanthony-5493669-1-scaled.jpg 1707w\" sizes=\"(max-width: 683px) 100vw, 683px\" \/><\/figure><\/div>\n\n\n\n<div class=\"wp-block-media-text is-stacked-on-mobile is-image-fill-element\" style=\"grid-template-columns:27% auto\"><figure class=\"wp-block-media-text__media\"><img loading=\"lazy\" decoding=\"async\" width=\"1024\" height=\"683\" src=\"https:\/\/gbpgroupe.com\/wp-content\/uploads\/2026\/04\/pexels-vladimirsrajber-11806490-1-1024x683.jpg\" alt=\"\" class=\"wp-image-73 size-full\" style=\"object-position:50% 50%\" srcset=\"https:\/\/gbpgroupe.com\/wp-content\/uploads\/2026\/04\/pexels-vladimirsrajber-11806490-1-1024x683.jpg 1024w, https:\/\/gbpgroupe.com\/wp-content\/uploads\/2026\/04\/pexels-vladimirsrajber-11806490-1-300x200.jpg 300w, https:\/\/gbpgroupe.com\/wp-content\/uploads\/2026\/04\/pexels-vladimirsrajber-11806490-1-768x512.jpg 768w, https:\/\/gbpgroupe.com\/wp-content\/uploads\/2026\/04\/pexels-vladimirsrajber-11806490-1-1536x1024.jpg 1536w, https:\/\/gbpgroupe.com\/wp-content\/uploads\/2026\/04\/pexels-vladimirsrajber-11806490-1-2048x1365.jpg 2048w\" sizes=\"(max-width: 1024px) 100vw, 1024px\" \/><\/figure><div class=\"wp-block-media-text__content\">\n<p class=\"has-large-font-size\"><strong>CARRELAGE<\/strong><\/p>\n\n\n\n<p class=\"has-medium-font-size\">Notre \u00e9quipe de carreleurs professionnels excelle dans la pose de carreaux avec une pr\u00e9cision exceptionnelle. Gr\u00e2ce \u00e0 notre expertise, chaque projet garantit une finition \u00e9l\u00e9gante et durable, int\u00e9grant des designs personnalis\u00e9s pour sublimer vos espaces tout en respectant les budgets \u00e9tablis.<\/p>\n<\/div><\/div>\n\n\n\n<div class=\"wp-block-media-text has-media-on-the-right is-stacked-on-mobile is-image-fill-element\" style=\"grid-template-columns:auto 27%\"><div class=\"wp-block-media-text__content\">\n<p class=\"has-large-font-size\"><strong>ELECTRICITE<\/strong><\/p>\n\n\n\n<p class=\"has-medium-font-size\">Nous assurons une installation \u00e9lectrique conforme aux normes pour garantir la s\u00e9curit\u00e9 de votre habitat tout en optimisant la performance \u00e9nerg\u00e9tique de vos syst\u00e8mes.<\/p>\n<\/div><figure class=\"wp-block-media-text__media\"><img loading=\"lazy\" decoding=\"async\" width=\"888\" height=\"1024\" src=\"https:\/\/gbpgroupe.com\/wp-content\/uploads\/2026\/04\/pexels-anete-lusina-4792521-1-scaled-e1775202568333-888x1024.jpg\" alt=\"\" class=\"wp-image-75 size-full\" style=\"object-position:50% 50%\" srcset=\"https:\/\/gbpgroupe.com\/wp-content\/uploads\/2026\/04\/pexels-anete-lusina-4792521-1-scaled-e1775202568333-888x1024.jpg 888w, https:\/\/gbpgroupe.com\/wp-content\/uploads\/2026\/04\/pexels-anete-lusina-4792521-1-scaled-e1775202568333-260x300.jpg 260w, https:\/\/gbpgroupe.com\/wp-content\/uploads\/2026\/04\/pexels-anete-lusina-4792521-1-scaled-e1775202568333-768x886.jpg 768w, https:\/\/gbpgroupe.com\/wp-content\/uploads\/2026\/04\/pexels-anete-lusina-4792521-1-scaled-e1775202568333-1332x1536.jpg 1332w, https:\/\/gbpgroupe.com\/wp-content\/uploads\/2026\/04\/pexels-anete-lusina-4792521-1-scaled-e1775202568333-936x1080.jpg 936w, https:\/\/gbpgroupe.com\/wp-content\/uploads\/2026\/04\/pexels-anete-lusina-4792521-1-scaled-e1775202568333.jpg 1480w\" sizes=\"(max-width: 888px) 100vw, 888px\" \/><\/figure><\/div>\n\n\n\n<div class=\"wp-block-media-text is-stacked-on-mobile is-image-fill-element\" style=\"grid-template-columns:27% auto\"><figure class=\"wp-block-media-text__media\"><img loading=\"lazy\" decoding=\"async\" width=\"1024\" height=\"683\" src=\"https:\/\/gbpgroupe.com\/wp-content\/uploads\/2026\/04\/pexels-anilkarakaya-6419128-1-1024x683.jpg\" alt=\"\" class=\"wp-image-74 size-full\" style=\"object-position:50% 50%\" srcset=\"https:\/\/gbpgroupe.com\/wp-content\/uploads\/2026\/04\/pexels-anilkarakaya-6419128-1-1024x683.jpg 1024w, https:\/\/gbpgroupe.com\/wp-content\/uploads\/2026\/04\/pexels-anilkarakaya-6419128-1-300x200.jpg 300w, https:\/\/gbpgroupe.com\/wp-content\/uploads\/2026\/04\/pexels-anilkarakaya-6419128-1-768x512.jpg 768w\" sizes=\"(max-width: 1024px) 100vw, 1024px\" \/><\/figure><div class=\"wp-block-media-text__content\">\n<p class=\"has-large-font-size\"><strong>PLOMBERIE<\/strong><\/p>\n\n\n\n<p class=\"has-medium-font-size\">Nous r\u00e9alisons des travaux en plomberie afin d\u2019assurer la fiabilit\u00e9, la conformit\u00e9 et la performance de vos installations. Nos \u00e9quipes interviennent sur le remplacement des \u00e9quipements et la mise aux normes en vigueur. Chaque intervention est effectu\u00e9e avec pr\u00e9cision et souci du d\u00e9tail pour garantir durabilit\u00e9 et confort au quotidien.<\/p>\n<\/div><\/div>\n\n\n\n<div class=\"wp-block-media-text has-media-on-the-right is-stacked-on-mobile is-image-fill-element\" style=\"grid-template-columns:auto 27%\"><div class=\"wp-block-media-text__content\">\n<p class=\"has-large-font-size\"><strong>MACONNERIE<\/strong><\/p>\n\n\n\n<p class=\"has-medium-font-size\">Nous r\u00e9alisons des petits travaux de ma\u00e7onnerie pour l\u2019entretien, la r\u00e9paration et l\u2019am\u00e9lioration de vos ouvrages existants. Nos interventions couvrent notamment les reprises de fissures, les r\u00e9parations de murs, la pose d\u2019\u00e9l\u00e9ments ma\u00e7onn\u00e9s et les finitions. Chaque prestation est effectu\u00e9e avec soin afin de garantir solidit\u00e9, durabilit\u00e9 et esth\u00e9tique.<\/p>\n<\/div><figure class=\"wp-block-media-text__media\"><img loading=\"lazy\" decoding=\"async\" width=\"1024\" height=\"683\" src=\"https:\/\/gbpgroupe.com\/wp-content\/uploads\/2026\/04\/pexels-gowtham-agm-609630353-19688828-1024x683.jpg\" alt=\"\" class=\"wp-image-12 size-full\" style=\"object-position:50% 50%\" srcset=\"https:\/\/gbpgroupe.com\/wp-content\/uploads\/2026\/04\/pexels-gowtham-agm-609630353-19688828-1024x683.jpg 1024w, https:\/\/gbpgroupe.com\/wp-content\/uploads\/2026\/04\/pexels-gowtham-agm-609630353-19688828-300x200.jpg 300w, https:\/\/gbpgroupe.com\/wp-content\/uploads\/2026\/04\/pexels-gowtham-agm-609630353-19688828-768x512.jpg 768w, https:\/\/gbpgroupe.com\/wp-content\/uploads\/2026\/04\/pexels-gowtham-agm-609630353-19688828-1536x1024.jpg 1536w, https:\/\/gbpgroupe.com\/wp-content\/uploads\/2026\/04\/pexels-gowtham-agm-609630353-19688828-2048x1365.jpg 2048w\" sizes=\"(max-width: 1024px) 100vw, 1024px\" \/><\/figure><\/div>\n\n\n\n<p><\/p>\n","protected":false},"excerpt":{"rendered":"<p>D\u00e9couvrez l\u2019ensemble de nos services, con\u00e7us pour r\u00e9pondre \u00e0 vos besoins en r\u00e9novation et en am\u00e9lioration de l\u2019habitat. Nous mettons notre savoir-faire \u00e0 votre disposition pour vous garantir des prestations fiables et de qualit\u00e9. PEINTURE Notre \u00e9quipe de peintres professionnels s&rsquo;engage \u00e0 offrir une finition parfaite pour chaque projet. Gr\u00e2ce \u00e0 notre expertise, nous garantissons [&hellip;]<\/p>\n","protected":false},"author":1,"featured_media":0,"parent":0,"menu_order":0,"comment_status":"closed","ping_status":"closed","template":"full-width","meta":{"saved_in_kubio":true,"footnotes":""},"class_list":["post-47","page","type-page","status-publish","hentry"],"kubio_ai_page_context":{"short_desc":"","purpose":"general"},"_links":{"self":[{"href":"https:\/\/gbpgroupe.com\/index.php\/wp-json\/wp\/v2\/pages\/47","targetHints":{"allow":["GET"]}}],"collection":[{"href":"https:\/\/gbpgroupe.com\/index.php\/wp-json\/wp\/v2\/pages"}],"about":[{"href":"https:\/\/gbpgroupe.com\/index.php\/wp-json\/wp\/v2\/types\/page"}],"author":[{"embeddable":true,"href":"https:\/\/gbpgroupe.com\/index.php\/wp-json\/wp\/v2\/users\/1"}],"replies":[{"embeddable":true,"href":"https:\/\/gbpgroupe.com\/index.php\/wp-json\/wp\/v2\/comments?post=47"}],"version-history":[{"count":19,"href":"https:\/\/gbpgroupe.com\/index.php\/wp-json\/wp\/v2\/pages\/47\/revisions"}],"predecessor-version":[{"id":115,"href":"https:\/\/gbpgroupe.com\/index.php\/wp-json\/wp\/v2\/pages\/47\/revisions\/115"}],"wp:attachment":[{"href":"https:\/\/gbpgroupe.com\/index.php\/wp-json\/wp\/v2\/media?parent=47"}],"curies":[{"name":"wp","href":"https:\/\/api.w.org\/{rel}","templated":true}]}}